{"id":15866,"date":"2019-04-24T10:35:38","date_gmt":"2019-04-24T10:35:38","guid":{"rendered":"https:\/\/rac.cw\/our-organisation\/cooperations\/"},"modified":"2021-12-14T11:32:10","modified_gmt":"2021-12-14T11:32:10","slug":"samenwerking","status":"publish","type":"page","link":"https:\/\/rac.cw\/nl\/about\/onze-organisatie\/samenwerking\/","title":{"rendered":"Samenwerking"},"content":{"rendered":"<p>RAC werkt in de uitvoering van haar toezichthoudende bevoegdheid nauw samen met een groot aantal organisaties uit diverse sectoren zowel op nationaal als op internationaal niveau.<\/p>\n<p>De samenwerkingsverbanden zijn zowel nationaal als internationaal veelal toegespitst op informatie uitwisseling, wederzijds advies en hulpverlening vanuit de specialisatie van de organisaties betrokken bij de samenwerking en de aanknopingspunten daarvan met de toezichthoudende taken en werkvelden van RAC.<\/p>\n<h3>Nationale samenwerkingsverbanden<\/h3>\n<h4>Ministeries, uitvoeringsorganisaties en overige bedrijven:<\/h4>\n<div class='blubg_container'><div class='blubg_con'><\/p>\n<ul>\n<li><a href=\"https:\/\/ftac.cw\/\" target=\"_blank\" rel=\"noopener\">FTAC<\/a><br \/>\nRegulatory Authority of Cura\u00e7ao (RAC) en de Fair Trade Authority Cura\u00e7ao (FTAC), beide toezichthoudende instanties op Cura\u00e7ao, hebben op 26 juni 2018 in een Samenwerkingsprotocol afspraken gemaakt over de wijze waarop zij informatie en kennis kunnen delen bij de uitvoering van hun werkzaamheden in gemeenschappelijke sectoren om hun toezicht effectiever te maken.<br \/>\nOp grond van de<a href=\"https:\/\/ftac.cw\/regelgeving\/landsverordening-concurrentie\/\" target=\"_blank\" rel=\"noopener\"> Landsverordening inzake concurrentie <\/a>, van kracht per 1 september 2017, is de FTAC ingesteld om in alle economische sectoren van Cura\u00e7ao toezicht te houden op de regels voor vrije en onvervalste concurrentie en deze zo nodig te handhaven. De FTAC treedt op tegen bedrijven die de concurrentie verhinderen, beperken of vervalsen.<br \/>\nLees in <a href=\"https:\/\/rac.cw\/nl\/publication\/afspraken-samenwerking-btp-en-ftac\/\" rel=\"noopener\">dit persbericht<\/a>. Download ook het\u00a0<a href=\"https:\/\/rac.cw\/wp-content\/uploads\/2021\/12\/SAMENWERKINGSPROTOCOL_BTP_EN_EFTAC_26_JUN_2018.pdf\" target=\"_blank\" rel=\"noopener\">Samenwerkingsprotocol<\/a>.<\/li>\n<\/ul>\n<ul>\n<li><a href=\"https:\/\/www.domeinbeheer.cw\/\" target=\"_blank\" rel=\"noopener\"> Domeinbeheer <\/a><br \/>\nOverheidsgrondbeheer inclusief de daarop gevestigde of nog te plaatsen apparatuur en gebouwen.<\/li>\n<\/ul>\n<ul>\n<li><a href=\"https:\/\/vvrp.cw\/nl\/over-ons\/organisaties\/openbare-werken\/\" target=\"_blank\" rel=\"noopener\">Openbare Werken<\/a> (voormalig DOW \/ UOOW)<br \/>\nOpenbare werken en voorzieningen: o.a. infrastructuur, elektrotechnische keuringen en inspecties, werktuigbouwkundige keuringen en inspecties, bouwkundige en landmeetkundige werken waaronder zendmasten, co\u00f6rdinatie van graaf- en hangwerkzaamheden o.a. met betrekking tot passieve telecommunicatieinfrastructuur.<\/li>\n<\/ul>\n<ul>\n<li><a href=\"http:\/\/maritimecuracao.org\/\" target=\"_blank\" rel=\"noopener\"> Maritieme Autoriteit Cura\u00e7ao (MAC) <\/a><br \/>\nVerstrekking van zee- en scheepsregistratie en scheepskeuringen.<\/li>\n<\/ul>\n<ul>\n<li><a href=\"http:\/\/www.kadaster.cw\/index.php?pid=28\" target=\"_blank\" rel=\"noopener\">Kadaster<\/a><br \/>\nInschrijvingen, doorhalingen en teboekstellingen van schepen, co\u00f6rdinateninformatie van digitale kaarten.<\/li>\n<\/ul>\n<ul>\n<li><a href=\"https:\/\/gobiernu.cw\/nl\/ministerionan\/economische-ontwikkeling\/\" target=\"_blank\" rel=\"noopener\"> Ministerie van Economische Ontwikkeling <\/a><br \/>\nVestigingsvergunningen en economische adviezen.<\/li>\n<li><a href=\"http:\/\/www.douane.cw\/\" target=\"_blank\" rel=\"noopener\">Douane<\/a><br \/>\nToezicht op de lokale invoer van telecommunicatie apparatuur.<\/li>\n<li><a href=\"https:\/\/www.curacao-airport.com\/\" target=\"_blank\" rel=\"noopener\"> CAP (Cura\u00e7ao Airport Partners) <\/a><br \/>\nFrequentiegebruik van radio-elektrische zend- en ontvanginrichtingen in en rondom de luchtverkeerstoren en het vliegveld. Daarnaast zijn tariefwijzigingsaanvragen aan RAC afkomstig van het CAP.<\/li>\n<li><a href=\"https:\/\/www.curacao-airport.com\/partners\/cah\">CAH<\/a><br \/>\nToezicht op en rapportage over operationele zaken CAP.<\/li>\n<li><a href=\"https:\/\/www.caricert.cw\/\" target=\"_blank\" rel=\"noopener\">Caricert (Caribbean Cyber Emergency Response Team) <\/a><br \/>\nPreventie en detectie van internetmisdaad.<\/li>\n<\/ul>\n<ul>\n<li><a href=\"http:\/\/www.curports.com\/our-ports\/port-safety\/\" target=\"_blank\" rel=\"noopener\"> Cura\u00e7ao Ports Authority (CPA)<\/a><br \/>\nUitgifte van registratiekaarten en het voeren van de administratie over de registratie.<\/li>\n<\/ul>\n<ul>\n<li><a href=\"http:\/\/dc-ansp.org\/about-full\/\" target=\"_blank\" rel=\"noopener\"> DC-ANSP (Dutch Caribbean Air Navigation Service Provider) <\/a><br \/>\nLuchtverkeersleiding en frequentiegebruik van radio-elektrische zend- en ontvanginrichtingen in en rondom de luchtverkeerstoren en het vliegveld.<\/li>\n<\/ul>\n<ul>\n<li><a href=\"https:\/\/ccaa.cw\/\" target=\"_blank\" rel=\"noopener\">CCAA (Cura\u00e7ao Civil Aviation Authority)<\/a><br \/>\nRegistratie van luchtvaartuigen.<\/li>\n<\/ul>\n<ul>\n<li><a href=\"https:\/\/www.defensie.nl\/organisatie\/marine\/inhoud\/eenheden\/commandement-der-zeemacht-caribisch-gebied\" target=\"_blank\" rel=\"noopener\">Koninklijke Marine en de Kustwacht <\/a><br \/>\nNationaal frequentiegebruik en co\u00f6rdinatie van frequenties van buitenlandse schepen op Cura\u00e7aosche wateren en toezicht en dienstverlening in Caribische wateren met betrekking tot radiocommunicatie apparatuur aan boord van schepen.<\/li>\n<\/ul>\n<ul>\n<li><a href=\"https:\/\/btnp.mystagingwebsite.com\/wp-content\/uploads\/2019\/03\/20160208_kennisplatform.pdf\" target=\"_blank\" rel=\"noopener\">Kennisplatform Cura\u00e7ao<\/a><br \/>\nMultisectorale vertegenwoordigers van ICT op Cura\u00e7ao samengevoegd in een multi-stakeholder stichting ter bevordering van een optimaal en doelmatig gebruik van ICT op nationaal niveau ter bevordering van het land als informatiemaatschappij.<\/li>\n<\/ul>\n<ul>\n<li><a href=\"http:\/\/www.fundashonpakonsumido.org\/\" target=\"_blank\" rel=\"noopener\"> Fundashon pa konsumid\u00f3 <\/a><br \/>\nBehartiging van consumentenbelangen op diverse gebieden.<\/li>\n<\/ul>\n<p><\/div><\/div>\n<p><strong><a href=\"https:\/\/rac.cw\/nl\/about\/onze-organisatie\/samenwerking\/internationale-samenwerkingsverbanden\/\"> Lees meer over Internationale samenwerkingsverbanden <\/a><\/strong><\/p>\n","protected":false},"excerpt":{"rendered":"<p>RAC werkt in de uitvoering van haar toezichthoudende bevoegdheid nauw samen met een groot aantal organisaties uit diverse sectoren zowel op nationaal als op internationaal niveau. De samenwerkingsverbanden zijn zowel nationaal als internationaal veelal toegespitst op informatie uitwisseling,&#8230; <a class=\"excerpt-readmore\" href=\"https:\/\/rac.cw\/nl\/about\/onze-organisatie\/samenwerking\/\" title=\"VISIESamenwerking\">read more<\/a><\/p>\n","protected":false},"author":1,"featured_media":0,"parent":15770,"menu_order":9,"comment_status":"closed","ping_status":"closed","template":"tpl-organisationpages.php","meta":{"_acf_changed":false,"footnotes":""},"class_list":["post-15866","page","type-page","status-publish","hentry"],"acf":[],"yoast_head":"<!-- This site is optimized with the Yoast SEO plugin v27.3 - https:\/\/yoast.com\/product\/yoast-seo-wordpress\/ -->\n<title>Samenwerking - Regulatory Authority of Cura\u00e7ao<\/title>\n<meta name=\"robots\" content=\"index, follow, max-snippet:-1, max-image-preview:large, max-video-preview:-1\" \/>\n<link rel=\"canonical\" href=\"https:\/\/rac.cw\/nl\/about\/onze-organisatie\/samenwerking\/\" \/>\n<meta property=\"og:locale\" content=\"nl_NL\" \/>\n<meta property=\"og:type\" content=\"article\" \/>\n<meta property=\"og:title\" content=\"Samenwerking - Regulatory Authority of Cura\u00e7ao\" \/>\n<meta property=\"og:description\" content=\"RAC werkt in de uitvoering van haar toezichthoudende bevoegdheid nauw samen met een groot aantal organisaties uit diverse sectoren zowel op nationaal als op internationaal niveau. De samenwerkingsverbanden zijn zowel nationaal als internationaal veelal toegespitst op informatie uitwisseling,... read more\" \/>\n<meta property=\"og:url\" content=\"https:\/\/rac.cw\/nl\/about\/onze-organisatie\/samenwerking\/\" \/>\n<meta property=\"og:site_name\" content=\"Regulatory Authority of Cura\u00e7ao\" \/>\n<meta property=\"article:modified_time\" content=\"2021-12-14T11:32:10+00:00\" \/>\n<meta name=\"twitter:card\" content=\"summary_large_image\" \/>\n<meta name=\"twitter:label1\" content=\"Geschatte leestijd\" \/>\n\t<meta name=\"twitter:data1\" content=\"2 minuten\" \/>\n<script type=\"application\/ld+json\" class=\"yoast-schema-graph\">{\"@context\":\"https:\\\/\\\/schema.org\",\"@graph\":[{\"@type\":\"WebPage\",\"@id\":\"https:\\\/\\\/rac.cw\\\/nl\\\/about\\\/onze-organisatie\\\/samenwerking\\\/\",\"url\":\"https:\\\/\\\/rac.cw\\\/nl\\\/about\\\/onze-organisatie\\\/samenwerking\\\/\",\"name\":\"Samenwerking - Regulatory Authority of Cura\u00e7ao\",\"isPartOf\":{\"@id\":\"https:\\\/\\\/rac.cw\\\/#website\"},\"datePublished\":\"2019-04-24T10:35:38+00:00\",\"dateModified\":\"2021-12-14T11:32:10+00:00\",\"breadcrumb\":{\"@id\":\"https:\\\/\\\/rac.cw\\\/nl\\\/about\\\/onze-organisatie\\\/samenwerking\\\/#breadcrumb\"},\"inLanguage\":\"nl-NL\",\"potentialAction\":[{\"@type\":\"ReadAction\",\"target\":[\"https:\\\/\\\/rac.cw\\\/nl\\\/about\\\/onze-organisatie\\\/samenwerking\\\/\"]}]},{\"@type\":\"BreadcrumbList\",\"@id\":\"https:\\\/\\\/rac.cw\\\/nl\\\/about\\\/onze-organisatie\\\/samenwerking\\\/#breadcrumb\",\"itemListElement\":[{\"@type\":\"ListItem\",\"position\":1,\"name\":\"Home\",\"item\":\"https:\\\/\\\/rac.cw\\\/nl\\\/\"},{\"@type\":\"ListItem\",\"position\":2,\"name\":\"About\",\"item\":\"https:\\\/\\\/rac.cw\\\/about\\\/\"},{\"@type\":\"ListItem\",\"position\":3,\"name\":\"Onze organisatie\",\"item\":\"https:\\\/\\\/rac.cw\\\/nl\\\/about\\\/onze-organisatie\\\/\"},{\"@type\":\"ListItem\",\"position\":4,\"name\":\"Samenwerking\"}]},{\"@type\":\"WebSite\",\"@id\":\"https:\\\/\\\/rac.cw\\\/#website\",\"url\":\"https:\\\/\\\/rac.cw\\\/\",\"name\":\"Regulatory Authority of Cura\u00e7ao\",\"description\":\"Regulatory Authority of Cura\u00e7ao\",\"potentialAction\":[{\"@type\":\"SearchAction\",\"target\":{\"@type\":\"EntryPoint\",\"urlTemplate\":\"https:\\\/\\\/rac.cw\\\/?s={search_term_string}\"},\"query-input\":{\"@type\":\"PropertyValueSpecification\",\"valueRequired\":true,\"valueName\":\"search_term_string\"}}],\"inLanguage\":\"nl-NL\"}]}<\/script>\n<!-- \/ Yoast SEO plugin. -->","yoast_head_json":{"title":"Samenwerking - Regulatory Authority of Cura\u00e7ao","robots":{"index":"index","follow":"follow","max-snippet":"max-snippet:-1","max-image-preview":"max-image-preview:large","max-video-preview":"max-video-preview:-1"},"canonical":"https:\/\/rac.cw\/nl\/about\/onze-organisatie\/samenwerking\/","og_locale":"nl_NL","og_type":"article","og_title":"Samenwerking - Regulatory Authority of Cura\u00e7ao","og_description":"RAC werkt in de uitvoering van haar toezichthoudende bevoegdheid nauw samen met een groot aantal organisaties uit diverse sectoren zowel op nationaal als op internationaal niveau. De samenwerkingsverbanden zijn zowel nationaal als internationaal veelal toegespitst op informatie uitwisseling,... read more","og_url":"https:\/\/rac.cw\/nl\/about\/onze-organisatie\/samenwerking\/","og_site_name":"Regulatory Authority of Cura\u00e7ao","article_modified_time":"2021-12-14T11:32:10+00:00","twitter_card":"summary_large_image","twitter_misc":{"Geschatte leestijd":"2 minuten"},"schema":{"@context":"https:\/\/schema.org","@graph":[{"@type":"WebPage","@id":"https:\/\/rac.cw\/nl\/about\/onze-organisatie\/samenwerking\/","url":"https:\/\/rac.cw\/nl\/about\/onze-organisatie\/samenwerking\/","name":"Samenwerking - Regulatory Authority of Cura\u00e7ao","isPartOf":{"@id":"https:\/\/rac.cw\/#website"},"datePublished":"2019-04-24T10:35:38+00:00","dateModified":"2021-12-14T11:32:10+00:00","breadcrumb":{"@id":"https:\/\/rac.cw\/nl\/about\/onze-organisatie\/samenwerking\/#breadcrumb"},"inLanguage":"nl-NL","potentialAction":[{"@type":"ReadAction","target":["https:\/\/rac.cw\/nl\/about\/onze-organisatie\/samenwerking\/"]}]},{"@type":"BreadcrumbList","@id":"https:\/\/rac.cw\/nl\/about\/onze-organisatie\/samenwerking\/#breadcrumb","itemListElement":[{"@type":"ListItem","position":1,"name":"Home","item":"https:\/\/rac.cw\/nl\/"},{"@type":"ListItem","position":2,"name":"About","item":"https:\/\/rac.cw\/about\/"},{"@type":"ListItem","position":3,"name":"Onze organisatie","item":"https:\/\/rac.cw\/nl\/about\/onze-organisatie\/"},{"@type":"ListItem","position":4,"name":"Samenwerking"}]},{"@type":"WebSite","@id":"https:\/\/rac.cw\/#website","url":"https:\/\/rac.cw\/","name":"Regulatory Authority of Cura\u00e7ao","description":"Regulatory Authority of Cura\u00e7ao","potentialAction":[{"@type":"SearchAction","target":{"@type":"EntryPoint","urlTemplate":"https:\/\/rac.cw\/?s={search_term_string}"},"query-input":{"@type":"PropertyValueSpecification","valueRequired":true,"valueName":"search_term_string"}}],"inLanguage":"nl-NL"}]}},"jetpack_sharing_enabled":true,"_links":{"self":[{"href":"https:\/\/rac.cw\/nl\/wp-json\/wp\/v2\/pages\/15866","targetHints":{"allow":["GET"]}}],"collection":[{"href":"https:\/\/rac.cw\/nl\/wp-json\/wp\/v2\/pages"}],"about":[{"href":"https:\/\/rac.cw\/nl\/wp-json\/wp\/v2\/types\/page"}],"author":[{"embeddable":true,"href":"https:\/\/rac.cw\/nl\/wp-json\/wp\/v2\/users\/1"}],"replies":[{"embeddable":true,"href":"https:\/\/rac.cw\/nl\/wp-json\/wp\/v2\/comments?post=15866"}],"version-history":[{"count":8,"href":"https:\/\/rac.cw\/nl\/wp-json\/wp\/v2\/pages\/15866\/revisions"}],"predecessor-version":[{"id":16802,"href":"https:\/\/rac.cw\/nl\/wp-json\/wp\/v2\/pages\/15866\/revisions\/16802"}],"up":[{"embeddable":true,"href":"https:\/\/rac.cw\/nl\/wp-json\/wp\/v2\/pages\/15770"}],"wp:attachment":[{"href":"https:\/\/rac.cw\/nl\/wp-json\/wp\/v2\/media?parent=15866"}],"curies":[{"name":"wp","href":"https:\/\/api.w.org\/{rel}","templated":true}]}}