{"id":15845,"date":"2019-03-21T12:15:34","date_gmt":"2019-03-21T12:15:34","guid":{"rendered":"https:\/\/rac.cw\/sectors\/telecommunications\/numbering-policy-management\/ministerial-authority-tasks\/"},"modified":"2021-12-21T18:28:11","modified_gmt":"2021-12-21T18:28:11","slug":"ministeriele-bevoegdheid-taken","status":"publish","type":"page","link":"https:\/\/rac.cw\/nl\/sectors\/telecommunicatie\/nummerbeleid-beheer\/ministeriele-bevoegdheid-taken\/","title":{"rendered":"Ministeri\u00eble bevoegdheid &#038; -taken"},"content":{"rendered":"<h2>Ministeri\u00eble bevoegdheid &amp; -taken<\/h2>\n<p>De minister van Verkeer Vervoer en Ruimtelijke Planning (VV&amp;RP) wordt bij het vaststellen van het Nationaal Nummerplan gehouden aan de kaders van overeengekomen internationale nummersystemen vastgesteld door de International TelecommunicationUnion (ITU-T) en het nationaal beleid op het gebied van o.a. herkenbaarheid, hanteerbaarheid van nummers voor eindgebruikers en interoperabilitiet van telecommunicatienetwerken.<\/p>\n<p>In het belang van een doelmatig beheer van nummers kan toekenning onder beperkingen worden verleend en kunnen aan de toekenning voorschriften worden verbonden. De voorschriften en beperkingen zijn bedoeld om de samenwerking tussen concessiehouders onderling en tussen concessiehouders en dienstenaanbieders te faciliteren. In de praktijk wordt elke toekenning van nummers onder voorschriften verleend.<\/p>\n<p>De nummertoekenningsbevoegdheid van de minister omvat een drietal specifieke taken die door het RAC namens de minister van VV&amp;RP worden uitgevoerd met betrekking tot het nummerbeheer.<\/p>\n<h3>Taak 1: Het toekennen, weigeren en intrekken van nummers<\/h3>\n<p>De minister heeft de bevoegdheid om nummers toe te kennen aan concessiehouders en dienstaanbieders. Hierbij maakt de minister zorgvuldige afwegingen en wordt een transparante en eerlijke toekenningsprocedure gehanteerd waarbij de belangen van andere nummeraanvragers of potenti\u00eble aanvragers in acht genomen moeten worden.<\/p>\n<p>De nummertoewijzing geeft aan de concessiehouder of dienstaanbieder het recht tot gebruik van het toegewezen nummer of de toegewezen nummerblokken. Hierbij wordt er onderscheid gemaakt tussen nummers waarvoor een concessiehouder in aanmerking komt en nummers waarvoor een dienstaanbieder in aanmerking komt.<\/p>\n<p>Concessiehouders komen in aanmerking voor:<\/p>\n<div class='blubg_container'><div class='blubg_con'><\/p>\n<ul>\n<li>Abonneenummers<\/li>\n<li>0801\/0802-nummers voor eigen gebruik of ten behoeve van een dienstaanbieder<\/li>\n<li>Gratis- en betaalde toegangsnummers en informatiedienstnummer, zijnde 080X en 090X nummers<\/li>\n<li>Carrier select codenummers als het gaat om concessiehouders lange afstand telecommunicatie<\/li>\n<li>Nummers voor netwerkgebruik<\/li>\n<\/ul>\n<p><\/div><\/div>\n<p>Een dienstaanbieder wordt gekenmerkt als contractant van een concessiehouder die informatiediensten aanbiedt.\u00a0Een contractant komt in aanmerking voor:<\/p>\n<div class='blubg_container'><div class='blubg_con'><\/p>\n<ul>\n<li>Gratis- en betaalde informatiedienstnummers met uitzondering van 0801-nummers en 0901 nummers<\/li>\n<\/ul>\n<p><\/div><\/div>\n<p>Op de nummertoekenning worden verder een aantal inhoudelijke beoordelingscriteria toegepast:<\/p>\n<div class='blubg_container'><div class='blubg_con'><\/p>\n<ul>\n<li>Er wordt getoetst of het gebruik van de nummers valt binnen de daarvoor aangegeven bestemming in het nummerplan<\/li>\n<li>Er wordt getoetst of het aannemelijk is dat de nummeraanvrager het nummergebruik binnen de gestelde termijn van 6 maanden kan realiseren<\/li>\n<li>Er wordt getoetst of het aantal gevraagde nummers echt nodig is<\/li>\n<\/ul>\n<p><\/div><\/div>\n<p>Reeds toegekende nummers kunnen tevens worden ingetrokken. Dit gebeurt:<\/p>\n<div class='blubg_container'><div class='blubg_con'><\/p>\n<ul>\n<li>Op verzoek van een nummerhouders<\/li>\n<li>Wanneer de uitgegeven nummers niet conform de bestemming van het nummerplan worden gebruikt<\/li>\n<li>Wanneer de redenen die ten grondslag liggen aan de toekenning zijn vervallen<\/li>\n<li>Wanneer de verstrekte nummers langer dan \u00e9\u00e9n jaar niet in gebruik zijn<\/li>\n<li>Om redenen van doelmatig gebruik van nummers<\/li>\n<li>Bij overtreding door de nummerhouder van de wettelijke regels<\/li>\n<li>Indien de nummerhouder de bedoeling heeft \u00e9\u00e9n of meerdere nummers te verhandelen<\/li>\n<\/ul>\n<p><\/div><\/div>\n<h3>Taak 2: Het reserveren van nummers<\/h3>\n<p>Voor het reserveren van nummers gelden dezelfde beoordelingscriteria als bij de aanvraag om toekenning van nummers. Ook bij nummerreserveringen geldt dat de aanvrager een nummervoorkeur kan uitspreken, deze is echter niet bindend.<\/p>\n<p>Het reserveren van nummers heeft wel het voordeel dat de aanvrager zijn nummervoorkeur eerder in tijd kenbaar kan maken dan bij een latere aanvraag om toekenning van nummers het geval zou zijn. Hierdoor is de kans groter dat aan de uitgesproken voorkeur van de nummeraanvrager tegemoetgekomen kan worden.<\/p>\n<p>Het reserveren van nummers heeft voor de overheid het voordeel dat de omvang van de gereserveerde nummercapaciteit voor de komende jaren een goede indicatie vormt van de toekomstige groei van de nummerbehoefte. Deze informatie is derhalve relevant voor het nummerbeleid en -beheer geformuleerd door de minister.<\/p>\n<h3>Taak 3: Het overdragen van nummers<\/h3>\n<p>Het is verboden om nummers te verhandelen. Indien bij de aanvraag blijkt dat dit het voornemen is, zal dit voldoende grond zijn voor weigering van de toekenning.<\/p>\n<p>Een gezamenlijke aanvraag door de houder van de nummers of de reservering en een derde partij voor de overdracht van een nummertoekenning of nummerreservering is wel mogelijk na schriftelijk verleende toestemming.<\/p>\n","protected":false},"excerpt":{"rendered":"<p>Ministeri\u00eble bevoegdheid &amp; -taken De minister van Verkeer Vervoer en Ruimtelijke Planning (VV&amp;RP) wordt bij het vaststellen van het Nationaal Nummerplan gehouden aan de kaders van overeengekomen internationale nummersystemen vastgesteld door de International TelecommunicationUnion (ITU-T) en het nationaal&#8230; <a class=\"excerpt-readmore\" href=\"https:\/\/rac.cw\/nl\/sectors\/telecommunicatie\/nummerbeleid-beheer\/ministeriele-bevoegdheid-taken\/\" title=\"VISIEMinisteri\u00eble bevoegdheid &#038; -taken\">read more<\/a><\/p>\n","protected":false},"author":1,"featured_media":0,"parent":15843,"menu_order":1,"comment_status":"closed","ping_status":"closed","template":"tpl-sectors.php","meta":{"_acf_changed":false,"footnotes":""},"class_list":["post-15845","page","type-page","status-publish","hentry"],"acf":[],"yoast_head":"<!-- This site is optimized with the Yoast SEO plugin v27.3 - https:\/\/yoast.com\/product\/yoast-seo-wordpress\/ -->\n<title>Ministeri\u00eble bevoegdheid &amp; -taken - Regulatory Authority of Cura\u00e7ao<\/title>\n<meta name=\"robots\" content=\"index, follow, max-snippet:-1, max-image-preview:large, max-video-preview:-1\" \/>\n<link rel=\"canonical\" href=\"https:\/\/rac.cw\/sectors\/telecommunications\/numbering-policy-management\/ministerial-authority-tasks\/\" \/>\n<meta property=\"og:locale\" content=\"nl_NL\" \/>\n<meta property=\"og:type\" content=\"article\" \/>\n<meta property=\"og:title\" content=\"Ministeri\u00eble bevoegdheid &amp; -taken - Regulatory Authority of Cura\u00e7ao\" \/>\n<meta property=\"og:description\" content=\"Ministeri\u00eble bevoegdheid &amp; -taken De minister van Verkeer Vervoer en Ruimtelijke Planning (VV&amp;RP) wordt bij het vaststellen van het Nationaal Nummerplan gehouden aan de kaders van overeengekomen internationale nummersystemen vastgesteld door de International TelecommunicationUnion (ITU-T) en het nationaal... read more\" \/>\n<meta property=\"og:url\" content=\"https:\/\/rac.cw\/sectors\/telecommunications\/numbering-policy-management\/ministerial-authority-tasks\/\" \/>\n<meta property=\"og:site_name\" content=\"Regulatory Authority of Cura\u00e7ao\" \/>\n<meta property=\"article:modified_time\" content=\"2021-12-21T18:28:11+00:00\" \/>\n<meta name=\"twitter:card\" content=\"summary_large_image\" \/>\n<meta name=\"twitter:label1\" content=\"Geschatte leestijd\" \/>\n\t<meta name=\"twitter:data1\" content=\"3 minuten\" \/>\n<script type=\"application\/ld+json\" class=\"yoast-schema-graph\">{\"@context\":\"https:\\\/\\\/schema.org\",\"@graph\":[{\"@type\":\"WebPage\",\"@id\":\"https:\\\/\\\/rac.cw\\\/sectors\\\/telecommunications\\\/numbering-policy-management\\\/ministerial-authority-tasks\\\/\",\"url\":\"https:\\\/\\\/rac.cw\\\/sectors\\\/telecommunications\\\/numbering-policy-management\\\/ministerial-authority-tasks\\\/\",\"name\":\"Ministeri\u00eble bevoegdheid & -taken - Regulatory Authority of Cura\u00e7ao\",\"isPartOf\":{\"@id\":\"https:\\\/\\\/rac.cw\\\/#website\"},\"datePublished\":\"2019-03-21T12:15:34+00:00\",\"dateModified\":\"2021-12-21T18:28:11+00:00\",\"breadcrumb\":{\"@id\":\"https:\\\/\\\/rac.cw\\\/sectors\\\/telecommunications\\\/numbering-policy-management\\\/ministerial-authority-tasks\\\/#breadcrumb\"},\"inLanguage\":\"nl-NL\",\"potentialAction\":[{\"@type\":\"ReadAction\",\"target\":[\"https:\\\/\\\/rac.cw\\\/sectors\\\/telecommunications\\\/numbering-policy-management\\\/ministerial-authority-tasks\\\/\"]}]},{\"@type\":\"BreadcrumbList\",\"@id\":\"https:\\\/\\\/rac.cw\\\/sectors\\\/telecommunications\\\/numbering-policy-management\\\/ministerial-authority-tasks\\\/#breadcrumb\",\"itemListElement\":[{\"@type\":\"ListItem\",\"position\":1,\"name\":\"Home\",\"item\":\"https:\\\/\\\/rac.cw\\\/nl\\\/\"},{\"@type\":\"ListItem\",\"position\":2,\"name\":\"Sectors\",\"item\":\"https:\\\/\\\/rac.cw\\\/nl\\\/sectors\\\/\"},{\"@type\":\"ListItem\",\"position\":3,\"name\":\"Telecommunicatie\",\"item\":\"https:\\\/\\\/rac.cw\\\/nl\\\/sectors\\\/telecommunicatie\\\/\"},{\"@type\":\"ListItem\",\"position\":4,\"name\":\"Nummerbeleid &#038; -beheer\",\"item\":\"https:\\\/\\\/rac.cw\\\/sectors\\\/telecommunications\\\/numbering-policy-management\\\/\"},{\"@type\":\"ListItem\",\"position\":5,\"name\":\"Ministeri\u00eble bevoegdheid &#038; -taken\"}]},{\"@type\":\"WebSite\",\"@id\":\"https:\\\/\\\/rac.cw\\\/#website\",\"url\":\"https:\\\/\\\/rac.cw\\\/\",\"name\":\"Regulatory Authority of Cura\u00e7ao\",\"description\":\"Regulatory Authority of Cura\u00e7ao\",\"potentialAction\":[{\"@type\":\"SearchAction\",\"target\":{\"@type\":\"EntryPoint\",\"urlTemplate\":\"https:\\\/\\\/rac.cw\\\/?s={search_term_string}\"},\"query-input\":{\"@type\":\"PropertyValueSpecification\",\"valueRequired\":true,\"valueName\":\"search_term_string\"}}],\"inLanguage\":\"nl-NL\"}]}<\/script>\n<!-- \/ Yoast SEO plugin. -->","yoast_head_json":{"title":"Ministeri\u00eble bevoegdheid & -taken - Regulatory Authority of Cura\u00e7ao","robots":{"index":"index","follow":"follow","max-snippet":"max-snippet:-1","max-image-preview":"max-image-preview:large","max-video-preview":"max-video-preview:-1"},"canonical":"https:\/\/rac.cw\/sectors\/telecommunications\/numbering-policy-management\/ministerial-authority-tasks\/","og_locale":"nl_NL","og_type":"article","og_title":"Ministeri\u00eble bevoegdheid & -taken - Regulatory Authority of Cura\u00e7ao","og_description":"Ministeri\u00eble bevoegdheid &amp; -taken De minister van Verkeer Vervoer en Ruimtelijke Planning (VV&amp;RP) wordt bij het vaststellen van het Nationaal Nummerplan gehouden aan de kaders van overeengekomen internationale nummersystemen vastgesteld door de International TelecommunicationUnion (ITU-T) en het nationaal... read more","og_url":"https:\/\/rac.cw\/sectors\/telecommunications\/numbering-policy-management\/ministerial-authority-tasks\/","og_site_name":"Regulatory Authority of Cura\u00e7ao","article_modified_time":"2021-12-21T18:28:11+00:00","twitter_card":"summary_large_image","twitter_misc":{"Geschatte leestijd":"3 minuten"},"schema":{"@context":"https:\/\/schema.org","@graph":[{"@type":"WebPage","@id":"https:\/\/rac.cw\/sectors\/telecommunications\/numbering-policy-management\/ministerial-authority-tasks\/","url":"https:\/\/rac.cw\/sectors\/telecommunications\/numbering-policy-management\/ministerial-authority-tasks\/","name":"Ministeri\u00eble bevoegdheid & -taken - Regulatory Authority of Cura\u00e7ao","isPartOf":{"@id":"https:\/\/rac.cw\/#website"},"datePublished":"2019-03-21T12:15:34+00:00","dateModified":"2021-12-21T18:28:11+00:00","breadcrumb":{"@id":"https:\/\/rac.cw\/sectors\/telecommunications\/numbering-policy-management\/ministerial-authority-tasks\/#breadcrumb"},"inLanguage":"nl-NL","potentialAction":[{"@type":"ReadAction","target":["https:\/\/rac.cw\/sectors\/telecommunications\/numbering-policy-management\/ministerial-authority-tasks\/"]}]},{"@type":"BreadcrumbList","@id":"https:\/\/rac.cw\/sectors\/telecommunications\/numbering-policy-management\/ministerial-authority-tasks\/#breadcrumb","itemListElement":[{"@type":"ListItem","position":1,"name":"Home","item":"https:\/\/rac.cw\/nl\/"},{"@type":"ListItem","position":2,"name":"Sectors","item":"https:\/\/rac.cw\/nl\/sectors\/"},{"@type":"ListItem","position":3,"name":"Telecommunicatie","item":"https:\/\/rac.cw\/nl\/sectors\/telecommunicatie\/"},{"@type":"ListItem","position":4,"name":"Nummerbeleid &#038; -beheer","item":"https:\/\/rac.cw\/sectors\/telecommunications\/numbering-policy-management\/"},{"@type":"ListItem","position":5,"name":"Ministeri\u00eble bevoegdheid &#038; -taken"}]},{"@type":"WebSite","@id":"https:\/\/rac.cw\/#website","url":"https:\/\/rac.cw\/","name":"Regulatory Authority of Cura\u00e7ao","description":"Regulatory Authority of Cura\u00e7ao","potentialAction":[{"@type":"SearchAction","target":{"@type":"EntryPoint","urlTemplate":"https:\/\/rac.cw\/?s={search_term_string}"},"query-input":{"@type":"PropertyValueSpecification","valueRequired":true,"valueName":"search_term_string"}}],"inLanguage":"nl-NL"}]}},"jetpack_sharing_enabled":true,"_links":{"self":[{"href":"https:\/\/rac.cw\/nl\/wp-json\/wp\/v2\/pages\/15845","targetHints":{"allow":["GET"]}}],"collection":[{"href":"https:\/\/rac.cw\/nl\/wp-json\/wp\/v2\/pages"}],"about":[{"href":"https:\/\/rac.cw\/nl\/wp-json\/wp\/v2\/types\/page"}],"author":[{"embeddable":true,"href":"https:\/\/rac.cw\/nl\/wp-json\/wp\/v2\/users\/1"}],"replies":[{"embeddable":true,"href":"https:\/\/rac.cw\/nl\/wp-json\/wp\/v2\/comments?post=15845"}],"version-history":[{"count":3,"href":"https:\/\/rac.cw\/nl\/wp-json\/wp\/v2\/pages\/15845\/revisions"}],"predecessor-version":[{"id":17024,"href":"https:\/\/rac.cw\/nl\/wp-json\/wp\/v2\/pages\/15845\/revisions\/17024"}],"up":[{"embeddable":true,"href":"https:\/\/rac.cw\/nl\/wp-json\/wp\/v2\/pages\/15843"}],"wp:attachment":[{"href":"https:\/\/rac.cw\/nl\/wp-json\/wp\/v2\/media?parent=15845"}],"curies":[{"name":"wp","href":"https:\/\/api.w.org\/{rel}","templated":true}]}}