{"id":15777,"date":"2019-03-29T11:34:09","date_gmt":"2019-03-29T11:34:09","guid":{"rendered":"https:\/\/rac.cw\/our-organisation\/authority\/"},"modified":"2021-12-14T11:31:16","modified_gmt":"2021-12-14T11:31:16","slug":"bevoegdheid","status":"publish","type":"page","link":"https:\/\/rac.cw\/nl\/about\/onze-organisatie\/bevoegdheid\/","title":{"rendered":"Bevoegdheid"},"content":{"rendered":"<p>De toezichttaken en -bevoegdheden van het Regulatory Authority of Cura\u00e7ao zijn geregeld in de Landsverordening <a href=\"https:\/\/rac.cw\/wp-content\/uploads\/2019\/03\/20160207_no._69_lvo_29-08-2006_bureau_telecommunicatie_en_post.pdf\" target=\"_blank\" rel=\"noopener noreferrer\">Regulatory Authority of Cura\u00e7ao, (P.B. 2006, no. 69).<\/a><\/p>\n<p>Deze Landsverordening behandelt respectievelijk de taken en bevoegdheden, de verantwoordelijkheids- en controlekaders en de financi\u00eble middelen waarmee RAC haar werkzaamheden mag uitvoeren binnen de sectorgebonden werkvelden: <a href=\"https:\/\/rac.cw\/nl\/sectors\/telecommunicatie\/\">Telecommunicatie<\/a>, <a href=\"https:\/\/rac.cw\/nl\/sectors\/post\/\">Post<\/a>, <a href=\"https:\/\/rac.cw\/nl\/sectors\/energie\/elektriciteit\/\">Elektriciteit<\/a>, <a href=\"https:\/\/rac.cw\/nl\/sectors\/energie\/water\/\">Water<\/a>,<a href=\"https:\/\/rac.cw\/nl\/sectors\/energie\/brandstof\/\">Brandstof<\/a>, <a href=\"https:\/\/rac.cw\/nl\/sectors\/energie\/bitumen\/\">Bitumen<\/a> en <a href=\"https:\/\/rac.cw\/nl\/sectors\/luchthaven\/\">Luchthaventarieven.<\/a><\/p>\n<h3>RAC in de praktijk<\/h3>\n<p>In de praktijk vertaalt de toezichthoudende bevoegdheid van RAC zich naar uiteenlopende werkzaamheden vari\u00ebrend van toezicht op de technische kwaliteitsaspecten van producten en dienstverlening, de uitgifte van machtigingen op basis van bij wet gestelde voorwaarden, de voorbereiding van de uitgifte van machtigingen en concessies en het waarborgen van de naleving daarvan, de toekenning en het beheer van frequenties en nummers, tot aan de totstandkoming van betaalbare tarieven.<\/p>\n<p>Met haar deskundige kennis en bevoegdheid dient de RAC organisatie tevens als catalysator voor de technologische- en economische ontwikkeling en groei van de diverse sectoren die de gemeenschap raken en waarover haar toezicht strekt. Ook draagt RAC effectieve oplossingen aan voor knelpunten die deze ontwikkeling en groei in de weg staan en biedt zij ondersteuning bij het doorvoeren hiervan.<\/p>\n","protected":false},"excerpt":{"rendered":"<p>De toezichttaken en -bevoegdheden van het Regulatory Authority of Cura\u00e7ao zijn geregeld in de Landsverordening Regulatory Authority of Cura\u00e7ao, (P.B. 2006, no. 69). Deze Landsverordening behandelt respectievelijk de taken en bevoegdheden, de verantwoordelijkheids- en controlekaders en de financi\u00eble&#8230; <a class=\"excerpt-readmore\" href=\"https:\/\/rac.cw\/nl\/about\/onze-organisatie\/bevoegdheid\/\" title=\"VISIEBevoegdheid\">read more<\/a><\/p>\n","protected":false},"author":1,"featured_media":0,"parent":15770,"menu_order":6,"comment_status":"closed","ping_status":"closed","template":"tpl-organisationpages.php","meta":{"_acf_changed":false,"footnotes":""},"class_list":["post-15777","page","type-page","status-publish","hentry"],"acf":[],"yoast_head":"<!-- This site is optimized with the Yoast SEO plugin v27.3 - https:\/\/yoast.com\/product\/yoast-seo-wordpress\/ -->\n<title>Bevoegdheid - Regulatory Authority of Cura\u00e7ao<\/title>\n<meta name=\"robots\" content=\"index, follow, max-snippet:-1, max-image-preview:large, max-video-preview:-1\" \/>\n<link rel=\"canonical\" href=\"https:\/\/rac.cw\/nl\/about\/onze-organisatie\/bevoegdheid\/\" \/>\n<meta property=\"og:locale\" content=\"nl_NL\" \/>\n<meta property=\"og:type\" content=\"article\" \/>\n<meta property=\"og:title\" content=\"Bevoegdheid - Regulatory Authority of Cura\u00e7ao\" \/>\n<meta property=\"og:description\" content=\"De toezichttaken en -bevoegdheden van het Regulatory Authority of Cura\u00e7ao zijn geregeld in de Landsverordening Regulatory Authority of Cura\u00e7ao, (P.B. 2006, no. 69). Deze Landsverordening behandelt respectievelijk de taken en bevoegdheden, de verantwoordelijkheids- en controlekaders en de financi\u00eble... read more\" \/>\n<meta property=\"og:url\" content=\"https:\/\/rac.cw\/nl\/about\/onze-organisatie\/bevoegdheid\/\" \/>\n<meta property=\"og:site_name\" content=\"Regulatory Authority of Cura\u00e7ao\" \/>\n<meta property=\"article:modified_time\" content=\"2021-12-14T11:31:16+00:00\" \/>\n<meta name=\"twitter:card\" content=\"summary_large_image\" \/>\n<meta name=\"twitter:label1\" content=\"Geschatte leestijd\" \/>\n\t<meta name=\"twitter:data1\" content=\"1 minuut\" \/>\n<script type=\"application\/ld+json\" class=\"yoast-schema-graph\">{\"@context\":\"https:\\\/\\\/schema.org\",\"@graph\":[{\"@type\":\"WebPage\",\"@id\":\"https:\\\/\\\/rac.cw\\\/nl\\\/about\\\/onze-organisatie\\\/bevoegdheid\\\/\",\"url\":\"https:\\\/\\\/rac.cw\\\/nl\\\/about\\\/onze-organisatie\\\/bevoegdheid\\\/\",\"name\":\"Bevoegdheid - Regulatory Authority of Cura\u00e7ao\",\"isPartOf\":{\"@id\":\"https:\\\/\\\/rac.cw\\\/#website\"},\"datePublished\":\"2019-03-29T11:34:09+00:00\",\"dateModified\":\"2021-12-14T11:31:16+00:00\",\"breadcrumb\":{\"@id\":\"https:\\\/\\\/rac.cw\\\/nl\\\/about\\\/onze-organisatie\\\/bevoegdheid\\\/#breadcrumb\"},\"inLanguage\":\"nl-NL\",\"potentialAction\":[{\"@type\":\"ReadAction\",\"target\":[\"https:\\\/\\\/rac.cw\\\/nl\\\/about\\\/onze-organisatie\\\/bevoegdheid\\\/\"]}]},{\"@type\":\"BreadcrumbList\",\"@id\":\"https:\\\/\\\/rac.cw\\\/nl\\\/about\\\/onze-organisatie\\\/bevoegdheid\\\/#breadcrumb\",\"itemListElement\":[{\"@type\":\"ListItem\",\"position\":1,\"name\":\"Home\",\"item\":\"https:\\\/\\\/rac.cw\\\/nl\\\/\"},{\"@type\":\"ListItem\",\"position\":2,\"name\":\"About\",\"item\":\"https:\\\/\\\/rac.cw\\\/about\\\/\"},{\"@type\":\"ListItem\",\"position\":3,\"name\":\"Onze organisatie\",\"item\":\"https:\\\/\\\/rac.cw\\\/nl\\\/about\\\/onze-organisatie\\\/\"},{\"@type\":\"ListItem\",\"position\":4,\"name\":\"Bevoegdheid\"}]},{\"@type\":\"WebSite\",\"@id\":\"https:\\\/\\\/rac.cw\\\/#website\",\"url\":\"https:\\\/\\\/rac.cw\\\/\",\"name\":\"Regulatory Authority of Cura\u00e7ao\",\"description\":\"Regulatory Authority of Cura\u00e7ao\",\"potentialAction\":[{\"@type\":\"SearchAction\",\"target\":{\"@type\":\"EntryPoint\",\"urlTemplate\":\"https:\\\/\\\/rac.cw\\\/?s={search_term_string}\"},\"query-input\":{\"@type\":\"PropertyValueSpecification\",\"valueRequired\":true,\"valueName\":\"search_term_string\"}}],\"inLanguage\":\"nl-NL\"}]}<\/script>\n<!-- \/ Yoast SEO plugin. -->","yoast_head_json":{"title":"Bevoegdheid - Regulatory Authority of Cura\u00e7ao","robots":{"index":"index","follow":"follow","max-snippet":"max-snippet:-1","max-image-preview":"max-image-preview:large","max-video-preview":"max-video-preview:-1"},"canonical":"https:\/\/rac.cw\/nl\/about\/onze-organisatie\/bevoegdheid\/","og_locale":"nl_NL","og_type":"article","og_title":"Bevoegdheid - Regulatory Authority of Cura\u00e7ao","og_description":"De toezichttaken en -bevoegdheden van het Regulatory Authority of Cura\u00e7ao zijn geregeld in de Landsverordening Regulatory Authority of Cura\u00e7ao, (P.B. 2006, no. 69). Deze Landsverordening behandelt respectievelijk de taken en bevoegdheden, de verantwoordelijkheids- en controlekaders en de financi\u00eble... read more","og_url":"https:\/\/rac.cw\/nl\/about\/onze-organisatie\/bevoegdheid\/","og_site_name":"Regulatory Authority of Cura\u00e7ao","article_modified_time":"2021-12-14T11:31:16+00:00","twitter_card":"summary_large_image","twitter_misc":{"Geschatte leestijd":"1 minuut"},"schema":{"@context":"https:\/\/schema.org","@graph":[{"@type":"WebPage","@id":"https:\/\/rac.cw\/nl\/about\/onze-organisatie\/bevoegdheid\/","url":"https:\/\/rac.cw\/nl\/about\/onze-organisatie\/bevoegdheid\/","name":"Bevoegdheid - Regulatory Authority of Cura\u00e7ao","isPartOf":{"@id":"https:\/\/rac.cw\/#website"},"datePublished":"2019-03-29T11:34:09+00:00","dateModified":"2021-12-14T11:31:16+00:00","breadcrumb":{"@id":"https:\/\/rac.cw\/nl\/about\/onze-organisatie\/bevoegdheid\/#breadcrumb"},"inLanguage":"nl-NL","potentialAction":[{"@type":"ReadAction","target":["https:\/\/rac.cw\/nl\/about\/onze-organisatie\/bevoegdheid\/"]}]},{"@type":"BreadcrumbList","@id":"https:\/\/rac.cw\/nl\/about\/onze-organisatie\/bevoegdheid\/#breadcrumb","itemListElement":[{"@type":"ListItem","position":1,"name":"Home","item":"https:\/\/rac.cw\/nl\/"},{"@type":"ListItem","position":2,"name":"About","item":"https:\/\/rac.cw\/about\/"},{"@type":"ListItem","position":3,"name":"Onze organisatie","item":"https:\/\/rac.cw\/nl\/about\/onze-organisatie\/"},{"@type":"ListItem","position":4,"name":"Bevoegdheid"}]},{"@type":"WebSite","@id":"https:\/\/rac.cw\/#website","url":"https:\/\/rac.cw\/","name":"Regulatory Authority of Cura\u00e7ao","description":"Regulatory Authority of Cura\u00e7ao","potentialAction":[{"@type":"SearchAction","target":{"@type":"EntryPoint","urlTemplate":"https:\/\/rac.cw\/?s={search_term_string}"},"query-input":{"@type":"PropertyValueSpecification","valueRequired":true,"valueName":"search_term_string"}}],"inLanguage":"nl-NL"}]}},"jetpack_sharing_enabled":true,"_links":{"self":[{"href":"https:\/\/rac.cw\/nl\/wp-json\/wp\/v2\/pages\/15777","targetHints":{"allow":["GET"]}}],"collection":[{"href":"https:\/\/rac.cw\/nl\/wp-json\/wp\/v2\/pages"}],"about":[{"href":"https:\/\/rac.cw\/nl\/wp-json\/wp\/v2\/types\/page"}],"author":[{"embeddable":true,"href":"https:\/\/rac.cw\/nl\/wp-json\/wp\/v2\/users\/1"}],"replies":[{"embeddable":true,"href":"https:\/\/rac.cw\/nl\/wp-json\/wp\/v2\/comments?post=15777"}],"version-history":[{"count":7,"href":"https:\/\/rac.cw\/nl\/wp-json\/wp\/v2\/pages\/15777\/revisions"}],"predecessor-version":[{"id":16801,"href":"https:\/\/rac.cw\/nl\/wp-json\/wp\/v2\/pages\/15777\/revisions\/16801"}],"up":[{"embeddable":true,"href":"https:\/\/rac.cw\/nl\/wp-json\/wp\/v2\/pages\/15770"}],"wp:attachment":[{"href":"https:\/\/rac.cw\/nl\/wp-json\/wp\/v2\/media?parent=15777"}],"curies":[{"name":"wp","href":"https:\/\/api.w.org\/{rel}","templated":true}]}}